{"id":162,"date":"2023-06-27T12:08:31","date_gmt":"2023-06-27T16:08:31","guid":{"rendered":""},"modified":"2026-02-28T16:24:39","modified_gmt":"2026-02-28T21:24:39","slug":"me-joindre","status":"publish","type":"page","link":"https:\/\/blogphotographie.com\/fr_fr\/me-joindre\/","title":{"rendered":"Nous joindre"},"content":{"rendered":"<p style=\"font-size:24px\">Me joindre<\/p>\n\n\n\n<p>Tu veux me poser une question, proposer un sujet d&rsquo;article ou simplement jaser photo ? \u00c9cris-moi, je lis tous mes messages.<\/p>\n\n\n\n<p>\ud83d\udcec <a href=\"mailto:info@blogphotographie.com\">info@blogphotographie.com<\/a><\/p>\n\n\n\n<p>J&rsquo;essaie de r\u00e9pondre dans un d\u00e9lai raisonnable. Merci de ta patience si je tarde un peu.<\/p>\n\n\n\n<p>Tu peux aussi me rejoindre directement sur le groupe Facebook de l&rsquo;<a href=\"https:\/\/www.facebook.com\/groups\/acadmiephotographegatineau\" target=\"_blank\" rel=\"noreferrer noopener\">Acad\u00e9mie Photographe de Gatineau<\/a>, c&rsquo;est l&rsquo;endroit id\u00e9al pour \u00e9changer avec la communaut\u00e9, partager tes photos et suivre les nouveaux articles d\u00e8s leur publication.<\/p>\n\n\n\n<p><a href=\"https:\/\/www.facebook.com\/groups\/acadmiephotographegatineau\" target=\"_blank\" rel=\"noreferrer noopener\">https:\/\/www.facebook.com\/groups\/acadmiephotographegatineau<\/a><\/p>\n\n\n\n<p>Bas\u00e9 \u00e0 Gatineau en Outaouais, Qu\u00e9bec. Lu partout dans la francophonie.<\/p>\n\n\n\n<p>Au plaisir de te lire !<\/p>\n\n\n\n<div class=\"article-signature\">\n    \u2014 Sylvain Perrier \u00b7 Photographe &#038; formateur  \n    <a href=\"https:\/\/academiephotographegatineau.com\/\" target=\"_blank\">\n        Acad\u00e9mie Photographe Gatineau\n    <\/a>\n<\/div>","protected":false},"excerpt":{"rendered":"<p>Me joindre Tu veux me poser une question, proposer un sujet d&rsquo;article ou simplement jaser photo ? \u00c9cris-moi, je lis tous mes messages. \ud83d\udcec info@blogphotographie.com J&rsquo;essaie de r\u00e9pondre dans un d\u00e9lai raisonnable. Merci de ta patience si je tarde un peu. Tu peux aussi me rejoindre directement sur le groupe Facebook de l&rsquo;Acad\u00e9mie Photographe de&#8230;<\/p>","protected":false},"author":1,"featured_media":7160,"parent":0,"menu_order":5,"comment_status":"closed","ping_status":"closed","template":"","meta":{"_kad_post_transparent":"","_kad_post_title":"","_kad_post_layout":"","_kad_post_sidebar_id":"","_kad_post_content_style":"","_kad_post_vertical_padding":"","_kad_post_feature":"","_kad_post_feature_position":"","_kad_post_header":false,"_kad_post_footer":false,"_kad_post_classname":"","jetpack_post_was_ever_published":false,"footnotes":""},"class_list":["post-162","page","type-page","status-publish","has-post-thumbnail","hentry"],"yoast_head":"<!-- This site is optimized with the Yoast SEO plugin v27.4 - https:\/\/yoast.com\/product\/yoast-seo-wordpress\/ -->\n<title>Nous joindre - Blog photographie<\/title>\n<meta name=\"description\" content=\"Me joindre pour toute question ou suggestion sur la photographie. Je suis \u00e0 Gatineau en Outaouais, Qu\u00e9bec. Sylvain Perrier photographe\" \/>\n<meta name=\"robots\" content=\"index, follow, max-snippet:-1, max-image-preview:large, max-video-preview:-1\" \/>\n<link rel=\"canonical\" href=\"https:\/\/blogphotographie.com\/fr_fr\/me-joindre\/\" \/>\n<meta property=\"og:locale\" content=\"fr_FR\" \/>\n<meta property=\"og:type\" content=\"article\" \/>\n<meta property=\"og:title\" content=\"Nous joindre\" \/>\n<meta property=\"og:description\" content=\"Nous joindre : Contacte-moi pour toute question ou suggestion sur la photographie. Je suis \u00e0 Gatineau, Qu\u00e9bec, et je r\u00e9pondrai rapidement.\" \/>\n<meta property=\"og:url\" content=\"https:\/\/blogphotographie.com\/fr_fr\/me-joindre\/\" \/>\n<meta property=\"og:site_name\" content=\"Blog photographie\" \/>\n<meta property=\"article:publisher\" content=\"https:\/\/www.facebook.com\/leblogphotographie\" \/>\n<meta property=\"article:modified_time\" content=\"2026-02-28T21:24:39+00:00\" \/>\n<meta property=\"og:image\" content=\"https:\/\/blogphotographie.com\/wp-content\/uploads\/Nous-joindre.jpg\" \/>\n\t<meta property=\"og:image:width\" content=\"1920\" \/>\n\t<meta property=\"og:image:height\" content=\"721\" \/>\n\t<meta property=\"og:image:type\" content=\"image\/jpeg\" \/>\n<meta name=\"twitter:card\" content=\"summary_large_image\" \/>\n<meta name=\"twitter:title\" content=\"Nous joindre\" \/>\n<meta name=\"twitter:description\" content=\"Nous joindre : Contacte-moi pour toute question ou suggestion sur la photographie. Je suis \u00e0 Gatineau, Qu\u00e9bec, et je r\u00e9pondrai rapidement.\" \/>\n<meta name=\"twitter:site\" content=\"@sylvainxperrier\" \/>\n<meta name=\"twitter:label1\" content=\"Dur\u00e9e de lecture estim\u00e9e\" \/>\n\t<meta name=\"twitter:data1\" content=\"1 minute\" \/>\n<script type=\"application\/ld+json\" class=\"yoast-schema-graph\">{\"@context\":\"https:\\\/\\\/schema.org\",\"@graph\":[{\"@type\":\"WebPage\",\"@id\":\"https:\\\/\\\/blogphotographie.com\\\/me-joindre\\\/\",\"url\":\"https:\\\/\\\/blogphotographie.com\\\/me-joindre\\\/\",\"name\":\"Nous joindre - Blog photographie\",\"isPartOf\":{\"@id\":\"https:\\\/\\\/blogphotographie.com\\\/#website\"},\"primaryImageOfPage\":{\"@id\":\"https:\\\/\\\/blogphotographie.com\\\/me-joindre\\\/#primaryimage\"},\"image\":{\"@id\":\"https:\\\/\\\/blogphotographie.com\\\/me-joindre\\\/#primaryimage\"},\"thumbnailUrl\":\"https:\\\/\\\/blogphotographie.com\\\/wp-content\\\/uploads\\\/Nous-joindre.jpg\",\"datePublished\":\"2023-06-27T16:08:31+00:00\",\"dateModified\":\"2026-02-28T21:24:39+00:00\",\"description\":\"Me joindre pour toute question ou suggestion sur la photographie. Je suis \u00e0 Gatineau en Outaouais, Qu\u00e9bec. Sylvain Perrier photographe\",\"breadcrumb\":{\"@id\":\"https:\\\/\\\/blogphotographie.com\\\/me-joindre\\\/#breadcrumb\"},\"inLanguage\":\"fr-FR\",\"potentialAction\":[{\"@type\":\"ReadAction\",\"target\":[\"https:\\\/\\\/blogphotographie.com\\\/me-joindre\\\/\"]}]},{\"@type\":\"ImageObject\",\"inLanguage\":\"fr-FR\",\"@id\":\"https:\\\/\\\/blogphotographie.com\\\/me-joindre\\\/#primaryimage\",\"url\":\"https:\\\/\\\/blogphotographie.com\\\/wp-content\\\/uploads\\\/Nous-joindre.jpg\",\"contentUrl\":\"https:\\\/\\\/blogphotographie.com\\\/wp-content\\\/uploads\\\/Nous-joindre.jpg\",\"width\":1920,\"height\":721,\"caption\":\"Nous joindre\"},{\"@type\":\"BreadcrumbList\",\"@id\":\"https:\\\/\\\/blogphotographie.com\\\/me-joindre\\\/#breadcrumb\",\"itemListElement\":[{\"@type\":\"ListItem\",\"position\":1,\"name\":\"Accueil\",\"item\":\"https:\\\/\\\/blogphotographie.com\\\/\"},{\"@type\":\"ListItem\",\"position\":2,\"name\":\"Nous joindre\"}]},{\"@type\":\"WebSite\",\"@id\":\"https:\\\/\\\/blogphotographie.com\\\/#website\",\"url\":\"https:\\\/\\\/blogphotographie.com\\\/\",\"name\":\"Blog photographie\",\"description\":\"Le Chemin Photographique \u2014 De l\u2019\u0152il \u00e0 l\u2019Image\",\"publisher\":{\"@id\":\"https:\\\/\\\/blogphotographie.com\\\/#\\\/schema\\\/person\\\/5059e59b1012006c7ca43b6330053a01\"},\"potentialAction\":[{\"@type\":\"SearchAction\",\"target\":{\"@type\":\"EntryPoint\",\"urlTemplate\":\"https:\\\/\\\/blogphotographie.com\\\/?s={search_term_string}\"},\"query-input\":{\"@type\":\"PropertyValueSpecification\",\"valueRequired\":true,\"valueName\":\"search_term_string\"}}],\"inLanguage\":\"fr-FR\"},{\"@type\":[\"Person\",\"Organization\"],\"@id\":\"https:\\\/\\\/blogphotographie.com\\\/#\\\/schema\\\/person\\\/5059e59b1012006c7ca43b6330053a01\",\"name\":\"Blog Photographie\",\"image\":{\"@type\":\"ImageObject\",\"inLanguage\":\"fr-FR\",\"@id\":\"https:\\\/\\\/blogphotographie.com\\\/wp-content\\\/uploads\\\/logo.png\",\"url\":\"https:\\\/\\\/blogphotographie.com\\\/wp-content\\\/uploads\\\/logo.png\",\"contentUrl\":\"https:\\\/\\\/blogphotographie.com\\\/wp-content\\\/uploads\\\/logo.png\",\"width\":800,\"height\":800,\"caption\":\"Blog Photographie\"},\"logo\":{\"@id\":\"https:\\\/\\\/blogphotographie.com\\\/wp-content\\\/uploads\\\/logo.png\"},\"sameAs\":[\"https:\\\/\\\/blogphotographie.com\",\"https:\\\/\\\/www.facebook.com\\\/leblogphotographie\",\"https:\\\/\\\/www.instagram.com\\\/leblogphotographie\",\"https:\\\/\\\/www.pinterest.ca\\\/sylvain_perrier\",\"https:\\\/\\\/x.com\\\/sylvainxperrier\",\"https:\\\/\\\/www.youtube.com\\\/user\\\/lencadreursylvain\",\"https:\\\/\\\/www.tumblr.com\\\/blog\\\/sylvainperrierfotografi\"]}]}<\/script>\n<!-- \/ Yoast SEO plugin. -->","yoast_head_json":{"title":"Nous joindre - Blog photographie","description":"Me joindre pour toute question ou suggestion sur la photographie. Je suis \u00e0 Gatineau en Outaouais, Qu\u00e9bec. Sylvain Perrier photographe","robots":{"index":"index","follow":"follow","max-snippet":"max-snippet:-1","max-image-preview":"max-image-preview:large","max-video-preview":"max-video-preview:-1"},"canonical":"https:\/\/blogphotographie.com\/fr_fr\/me-joindre\/","og_locale":"fr_FR","og_type":"article","og_title":"Nous joindre","og_description":"Nous joindre : Contacte-moi pour toute question ou suggestion sur la photographie. Je suis \u00e0 Gatineau, Qu\u00e9bec, et je r\u00e9pondrai rapidement.","og_url":"https:\/\/blogphotographie.com\/fr_fr\/me-joindre\/","og_site_name":"Blog photographie","article_publisher":"https:\/\/www.facebook.com\/leblogphotographie","article_modified_time":"2026-02-28T21:24:39+00:00","og_image":[{"width":1920,"height":721,"url":"https:\/\/blogphotographie.com\/wp-content\/uploads\/Nous-joindre.jpg","type":"image\/jpeg"}],"twitter_card":"summary_large_image","twitter_title":"Nous joindre","twitter_description":"Nous joindre : Contacte-moi pour toute question ou suggestion sur la photographie. Je suis \u00e0 Gatineau, Qu\u00e9bec, et je r\u00e9pondrai rapidement.","twitter_site":"@sylvainxperrier","twitter_misc":{"Dur\u00e9e de lecture estim\u00e9e":"1 minute"},"schema":{"@context":"https:\/\/schema.org","@graph":[{"@type":"WebPage","@id":"https:\/\/blogphotographie.com\/me-joindre\/","url":"https:\/\/blogphotographie.com\/me-joindre\/","name":"Nous joindre - Blog photographie","isPartOf":{"@id":"https:\/\/blogphotographie.com\/#website"},"primaryImageOfPage":{"@id":"https:\/\/blogphotographie.com\/me-joindre\/#primaryimage"},"image":{"@id":"https:\/\/blogphotographie.com\/me-joindre\/#primaryimage"},"thumbnailUrl":"https:\/\/blogphotographie.com\/wp-content\/uploads\/Nous-joindre.jpg","datePublished":"2023-06-27T16:08:31+00:00","dateModified":"2026-02-28T21:24:39+00:00","description":"Me joindre pour toute question ou suggestion sur la photographie. Je suis \u00e0 Gatineau en Outaouais, Qu\u00e9bec. Sylvain Perrier photographe","breadcrumb":{"@id":"https:\/\/blogphotographie.com\/me-joindre\/#breadcrumb"},"inLanguage":"fr-FR","potentialAction":[{"@type":"ReadAction","target":["https:\/\/blogphotographie.com\/me-joindre\/"]}]},{"@type":"ImageObject","inLanguage":"fr-FR","@id":"https:\/\/blogphotographie.com\/me-joindre\/#primaryimage","url":"https:\/\/blogphotographie.com\/wp-content\/uploads\/Nous-joindre.jpg","contentUrl":"https:\/\/blogphotographie.com\/wp-content\/uploads\/Nous-joindre.jpg","width":1920,"height":721,"caption":"Nous joindre"},{"@type":"BreadcrumbList","@id":"https:\/\/blogphotographie.com\/me-joindre\/#breadcrumb","itemListElement":[{"@type":"ListItem","position":1,"name":"Accueil","item":"https:\/\/blogphotographie.com\/"},{"@type":"ListItem","position":2,"name":"Nous joindre"}]},{"@type":"WebSite","@id":"https:\/\/blogphotographie.com\/#website","url":"https:\/\/blogphotographie.com\/","name":"Blog photographie","description":"Le Chemin Photographique \u2014 De l\u2019\u0152il \u00e0 l\u2019Image","publisher":{"@id":"https:\/\/blogphotographie.com\/#\/schema\/person\/5059e59b1012006c7ca43b6330053a01"},"potentialAction":[{"@type":"SearchAction","target":{"@type":"EntryPoint","urlTemplate":"https:\/\/blogphotographie.com\/?s={search_term_string}"},"query-input":{"@type":"PropertyValueSpecification","valueRequired":true,"valueName":"search_term_string"}}],"inLanguage":"fr-FR"},{"@type":["Person","Organization"],"@id":"https:\/\/blogphotographie.com\/#\/schema\/person\/5059e59b1012006c7ca43b6330053a01","name":"Blog Photographie","image":{"@type":"ImageObject","inLanguage":"fr-FR","@id":"https:\/\/blogphotographie.com\/wp-content\/uploads\/logo.png","url":"https:\/\/blogphotographie.com\/wp-content\/uploads\/logo.png","contentUrl":"https:\/\/blogphotographie.com\/wp-content\/uploads\/logo.png","width":800,"height":800,"caption":"Blog Photographie"},"logo":{"@id":"https:\/\/blogphotographie.com\/wp-content\/uploads\/logo.png"},"sameAs":["https:\/\/blogphotographie.com","https:\/\/www.facebook.com\/leblogphotographie","https:\/\/www.instagram.com\/leblogphotographie","https:\/\/www.pinterest.ca\/sylvain_perrier","https:\/\/x.com\/sylvainxperrier","https:\/\/www.youtube.com\/user\/lencadreursylvain","https:\/\/www.tumblr.com\/blog\/sylvainperrierfotografi"]}]}},"jetpack_sharing_enabled":false,"jetpack_likes_enabled":true,"_links":{"self":[{"href":"https:\/\/blogphotographie.com\/fr_fr\/wp-json\/wp\/v2\/pages\/162","targetHints":{"allow":["GET"]}}],"collection":[{"href":"https:\/\/blogphotographie.com\/fr_fr\/wp-json\/wp\/v2\/pages"}],"about":[{"href":"https:\/\/blogphotographie.com\/fr_fr\/wp-json\/wp\/v2\/types\/page"}],"author":[{"embeddable":true,"href":"https:\/\/blogphotographie.com\/fr_fr\/wp-json\/wp\/v2\/users\/1"}],"replies":[{"embeddable":true,"href":"https:\/\/blogphotographie.com\/fr_fr\/wp-json\/wp\/v2\/comments?post=162"}],"version-history":[{"count":2,"href":"https:\/\/blogphotographie.com\/fr_fr\/wp-json\/wp\/v2\/pages\/162\/revisions"}],"predecessor-version":[{"id":8925,"href":"https:\/\/blogphotographie.com\/fr_fr\/wp-json\/wp\/v2\/pages\/162\/revisions\/8925"}],"wp:featuredmedia":[{"embeddable":true,"href":"https:\/\/blogphotographie.com\/fr_fr\/wp-json\/wp\/v2\/media\/7160"}],"wp:attachment":[{"href":"https:\/\/blogphotographie.com\/fr_fr\/wp-json\/wp\/v2\/media?parent=162"}],"curies":[{"name":"wp","href":"https:\/\/api.w.org\/{rel}","templated":true}]}}